{"id":171,"date":"2020-08-21T16:21:11","date_gmt":"2020-08-21T16:21:11","guid":{"rendered":"http:\/\/afinaldecontas.com\/?page_id=171"},"modified":"2024-03-02T15:37:18","modified_gmt":"2024-03-02T15:37:18","slug":"sobre-mim","status":"publish","type":"page","link":"https:\/\/afinaldecontas.com\/index.php\/sobre-mim\/","title":{"rendered":"Sobre mim"},"content":{"rendered":"\t\t<div data-elementor-type=\"wp-page\" data-elementor-id=\"171\" class=\"elementor elementor-171\" data-elementor-settings=\"[]\">\n\t\t\t\t\t\t<div class=\"elementor-inner\">\n\t\t\t\t\t\t\t<div class=\"elementor-section-wrap\">\n\t\t\t\t\t\t\t<section class=\"elementor-section elementor-top-section elementor-element elementor-element-2958cd98 elementor-section-boxed elementor-section-height-default elementor-section-height-default\" data-id=\"2958cd98\" data-element_type=\"section\">\n\t\t\t\t\t\t<div class=\"elementor-container elementor-column-gap-default\">\n\t\t\t\t\t\t\t<div class=\"elementor-row\">\n\t\t\t\t\t<div class=\"elementor-column elementor-col-100 elementor-top-column elementor-element elementor-element-5f8fe7f6\" data-id=\"5f8fe7f6\" data-element_type=\"column\">\n\t\t\t<div class=\"elementor-column-wrap elementor-element-populated\">\n\t\t\t\t\t\t\t<div class=\"elementor-widget-wrap\">\n\t\t\t\t\t\t<div class=\"elementor-element elementor-element-70c4d275 elementor-widget elementor-widget-text-editor\" data-id=\"70c4d275\" data-element_type=\"widget\" data-widget_type=\"text-editor.default\">\n\t\t\t\t<div class=\"elementor-widget-container\">\n\t\t\t\t\t<div class=\"elementor-text-editor elementor-clearfix\"><p><!-- wp:paragraph {\"fontSize\":\"large\"} --><\/p>\n<p class=\"has-large-font-size\"><strong>J\u00falio C\u00e9sar Augusto do Valle<\/strong><\/p>\n<p><!-- \/wp:paragraph --><!-- wp:paragraph --><\/p>\n<p><!-- \/wp:paragraph --><!-- wp:paragraph --><\/p>\n<p>Educador.<\/p>\n<p><!-- \/wp:paragraph --><!-- wp:paragraph --><\/p>\n<p>Filho de Eduardo e M\u00f4nica.<\/p>\n<p><!-- \/wp:paragraph --><!-- wp:image {\"align\":\"right\",\"id\":175,\"sizeSlug\":\"large\",\"className\":\"is-style-default\"} --><\/p>\n<div class=\"wp-block-image is-style-default\">\n<figure class=\"alignright size-large\"><img loading=\"lazy\" class=\"alignnone wp-image-959 size-medium\" src=\"http:\/\/afinaldecontas.com\/wp-content\/uploads\/2022\/11\/WhatsApp-Image-2022-10-20-at-19.30.53-e1709393804770-253x300.jpeg\" alt=\"\" width=\"253\" height=\"300\" srcset=\"https:\/\/afinaldecontas.com\/wp-content\/uploads\/2022\/11\/WhatsApp-Image-2022-10-20-at-19.30.53-e1709393804770-253x300.jpeg 253w, https:\/\/afinaldecontas.com\/wp-content\/uploads\/2022\/11\/WhatsApp-Image-2022-10-20-at-19.30.53-e1709393804770-864x1024.jpeg 864w, https:\/\/afinaldecontas.com\/wp-content\/uploads\/2022\/11\/WhatsApp-Image-2022-10-20-at-19.30.53-e1709393804770-768x911.jpeg 768w, https:\/\/afinaldecontas.com\/wp-content\/uploads\/2022\/11\/WhatsApp-Image-2022-10-20-at-19.30.53-e1709393804770.jpeg 1012w\" sizes=\"(max-width: 253px) 100vw, 253px\" \/><\/figure>\n<\/div>\n<p><!-- \/wp:image --><!-- wp:paragraph --><\/p>\n<p>Professor do Instituto de Matem\u00e1tica e Estat\u00edstica da Universidade de S\u00e3o Paulo (USP), universidade em que se graduou em Licenciatura em Matem\u00e1tica, Mestre e Doutor em Educa\u00e7\u00e3o;<\/p>\n<p><!-- \/wp:paragraph --><!-- wp:paragraph --><\/p>\n<p>Coautor do Caderno de Grandezas e Medidas (n. 6) do Pacto Nacional pela Alfabetiza\u00e7\u00e3o na Idade Certa (PNAIC);<\/p>\n<p><!-- \/wp:paragraph --><!-- wp:paragraph --><\/p>\n<p>Especialista em Pol\u00edticas para a Igualdade Social na Am\u00e9rica Latina pelo <em>Consejo Latinoamericano de Ciencias Sociales<\/em> (CLACSO);<\/p>\n<p><!-- \/wp:paragraph --><!-- wp:paragraph --><\/p>\n<p>Ex-Secret\u00e1rio Municipal de Educa\u00e7\u00e3o e Cultura de minha cidade natal, Pindamonhangaba (SP), de 2017 a 2020;<\/p>\n<p><!-- \/wp:paragraph --><!-- wp:paragraph --><\/p>\n<p>Membro-pesquisador do Grupo de Estudos e Pesquisa em Etnomatem\u00e1tica (GEPEm), do Grupo de Pesquisa em Educa\u00e7\u00e3o Matem\u00e1tica (GEPEME) e do Grupo de Pesquisa em Filosofia, Educa\u00e7\u00e3o, Linguagem e Pragm\u00e1tica (FELP), da Faculdade de Educa\u00e7\u00e3o da USP;<\/p>\n<p>Vice-coordenador do GT19 &#8211; Educa\u00e7\u00e3o Matem\u00e1tica da ANPEd;<\/p>\n<p>Membro titular da\u00a0 Academia Pindamonhangabense de Letras (APL), desde 2023.<\/p>\n<p><!-- \/wp:paragraph --><!-- wp:paragraph --><\/p>\n<p><a href=\"http:\/\/lattes.cnpq.br\/4619328983024357\" target=\"_blank\" rel=\"noopener\">Meu Curr\u00edculo Lattes<\/a><\/p>\n<p><!-- \/wp:paragraph --><!-- wp:paragraph --><\/p>\n<p>Um <a href=\"http:\/\/jornaltribunadonorte.net\/noticias\/julio-valle-um-caleidoscopio-de-luminosas-imagens\/\" target=\"_blank\" rel=\"noreferrer noopener\" data-type=\"URL\" data-id=\"http:\/\/jornaltribunadonorte.net\/noticias\/julio-valle-um-caleidoscopio-de-luminosas-imagens\/\">carinho<\/a> da conterr\u00e2nea e poetisa Juraci F\u00e9lix sobre mim<\/p>\n<p><!-- \/wp:paragraph --><\/p><\/div>\n\t\t\t\t<\/div>\n\t\t\t\t<\/div>\n\t\t\t\t\t\t<\/div>\n\t\t\t\t\t<\/div>\n\t\t<\/div>\n\t\t\t\t\t\t\t\t<\/div>\n\t\t\t\t\t<\/div>\n\t\t<\/section>\n\t\t\t\t\t\t<\/div>\n\t\t\t\t\t\t<\/div>\n\t\t\t\t\t<\/div>\n\t\t","protected":false},"excerpt":{"rendered":"<p>J\u00falio C\u00e9sar Augusto do Valle Educador. Filho de Eduardo e M\u00f4nica. Professor do Instituto de Matem\u00e1tica e Estat\u00edstica da Universidade de S\u00e3o Paulo (USP), universidade em que se graduou em Licenciatura em Matem\u00e1tica, Mestre e Doutor em Educa\u00e7\u00e3o; Coautor do Caderno de Grandezas e Medidas (n. 6) do Pacto Nacional pela Alfabetiza\u00e7\u00e3o na Idade Certa &hellip;<\/p>\n<p class=\"read-more\"> <a class=\"\" href=\"https:\/\/afinaldecontas.com\/index.php\/sobre-mim\/\"> <span class=\"screen-reader-text\">Sobre mim<\/span> Read More &raquo;<\/a><\/p>\n","protected":false},"author":1,"featured_media":0,"parent":0,"menu_order":0,"comment_status":"closed","ping_status":"closed","template":"","meta":[],"_links":{"self":[{"href":"https:\/\/afinaldecontas.com\/index.php\/wp-json\/wp\/v2\/pages\/171"}],"collection":[{"href":"https:\/\/afinaldecontas.com\/index.php\/wp-json\/wp\/v2\/pages"}],"about":[{"href":"https:\/\/afinaldecontas.com\/index.php\/wp-json\/wp\/v2\/types\/page"}],"author":[{"embeddable":true,"href":"https:\/\/afinaldecontas.com\/index.php\/wp-json\/wp\/v2\/users\/1"}],"replies":[{"embeddable":true,"href":"https:\/\/afinaldecontas.com\/index.php\/wp-json\/wp\/v2\/comments?post=171"}],"version-history":[{"count":14,"href":"https:\/\/afinaldecontas.com\/index.php\/wp-json\/wp\/v2\/pages\/171\/revisions"}],"predecessor-version":[{"id":1025,"href":"https:\/\/afinaldecontas.com\/index.php\/wp-json\/wp\/v2\/pages\/171\/revisions\/1025"}],"wp:attachment":[{"href":"https:\/\/afinaldecontas.com\/index.php\/wp-json\/wp\/v2\/media?parent=171"}],"curies":[{"name":"wp","href":"https:\/\/api.w.org\/{rel}","templated":true}]}}