{"id":199,"date":"2020-08-23T16:23:21","date_gmt":"2020-08-23T16:23:21","guid":{"rendered":"http:\/\/afinaldecontas.com\/?page_id=199"},"modified":"2021-11-01T15:52:52","modified_gmt":"2021-11-01T15:52:52","slug":"estudos-e-pesquisas-2","status":"publish","type":"page","link":"https:\/\/afinaldecontas.com\/index.php\/estudos-e-pesquisas-2\/","title":{"rendered":"Estudos e Pesquisas"},"content":{"rendered":"\t\t<div data-elementor-type=\"wp-page\" data-elementor-id=\"199\" class=\"elementor elementor-199\" data-elementor-settings=\"[]\">\n\t\t\t\t\t\t<div class=\"elementor-inner\">\n\t\t\t\t\t\t\t<div class=\"elementor-section-wrap\">\n\t\t\t\t\t\t\t<section class=\"elementor-section elementor-top-section elementor-element elementor-element-de30e86 elementor-section-boxed elementor-section-height-default elementor-section-height-default\" data-id=\"de30e86\" data-element_type=\"section\">\n\t\t\t\t\t\t<div class=\"elementor-container elementor-column-gap-default\">\n\t\t\t\t\t\t\t<div class=\"elementor-row\">\n\t\t\t\t\t<div class=\"elementor-column elementor-col-100 elementor-top-column elementor-element elementor-element-4f07d24\" data-id=\"4f07d24\" data-element_type=\"column\">\n\t\t\t<div class=\"elementor-column-wrap elementor-element-populated\">\n\t\t\t\t\t\t\t<div class=\"elementor-widget-wrap\">\n\t\t\t\t\t\t<div class=\"elementor-element elementor-element-b4a2cc4 elementor-widget elementor-widget-heading\" data-id=\"b4a2cc4\" data-element_type=\"widget\" data-widget_type=\"heading.default\">\n\t\t\t\t<div class=\"elementor-widget-container\">\n\t\t\t<h1 class=\"elementor-heading-title elementor-size-xxl\">Estudos e Pesquisas<\/h1>\t\t<\/div>\n\t\t\t\t<\/div>\n\t\t\t\t<div class=\"elementor-element elementor-element-94c72ff elementor-widget elementor-widget-text-editor\" data-id=\"94c72ff\" data-element_type=\"widget\" data-widget_type=\"text-editor.default\">\n\t\t\t\t<div class=\"elementor-widget-container\">\n\t\t\t\t\t<div class=\"elementor-text-editor elementor-clearfix\"><p><em>Neste espa\u00e7o, voc\u00ea encontra artigos e outros trabalhos publicados, livros e cap\u00edtulos de livros que sintetizam parte do nosso trajeto e tamb\u00e9m documentos curriculares e outros materiais relevantes para nossa pr\u00e1tica pedag\u00f3gica.<\/em><\/p><\/div>\n\t\t\t\t<\/div>\n\t\t\t\t<\/div>\n\t\t\t\t\t\t<\/div>\n\t\t\t\t\t<\/div>\n\t\t<\/div>\n\t\t\t\t\t\t\t\t<\/div>\n\t\t\t\t\t<\/div>\n\t\t<\/section>\n\t\t\t\t<section class=\"elementor-section elementor-top-section elementor-element elementor-element-ea6b35c elementor-section-boxed elementor-section-height-default elementor-section-height-default\" data-id=\"ea6b35c\" data-element_type=\"section\">\n\t\t\t\t\t\t<div class=\"elementor-container elementor-column-gap-default\">\n\t\t\t\t\t\t\t<div class=\"elementor-row\">\n\t\t\t\t\t<div class=\"elementor-column elementor-col-100 elementor-top-column elementor-element elementor-element-7d9aff8\" data-id=\"7d9aff8\" data-element_type=\"column\">\n\t\t\t<div class=\"elementor-column-wrap elementor-element-populated\">\n\t\t\t\t\t\t\t<div class=\"elementor-widget-wrap\">\n\t\t\t\t\t\t<div class=\"elementor-element elementor-element-eff11d5 elementor-widget elementor-widget-spacer\" data-id=\"eff11d5\" data-element_type=\"widget\" data-widget_type=\"spacer.default\">\n\t\t\t\t<div class=\"elementor-widget-container\">\n\t\t\t\t\t<div class=\"elementor-spacer\">\n\t\t\t<div class=\"elementor-spacer-inner\"><\/div>\n\t\t<\/div>\n\t\t\t\t<\/div>\n\t\t\t\t<\/div>\n\t\t\t\t\t\t<\/div>\n\t\t\t\t\t<\/div>\n\t\t<\/div>\n\t\t\t\t\t\t\t\t<\/div>\n\t\t\t\t\t<\/div>\n\t\t<\/section>\n\t\t\t\t<section class=\"elementor-section elementor-top-section elementor-element elementor-element-175a92f elementor-section-boxed elementor-section-height-default elementor-section-height-default\" data-id=\"175a92f\" data-element_type=\"section\">\n\t\t\t\t\t\t<div class=\"elementor-container elementor-column-gap-default\">\n\t\t\t\t\t\t\t<div class=\"elementor-row\">\n\t\t\t\t\t<div class=\"elementor-column elementor-col-33 elementor-top-column elementor-element elementor-element-e8de09a\" data-id=\"e8de09a\" data-element_type=\"column\">\n\t\t\t<div class=\"elementor-column-wrap elementor-element-populated\">\n\t\t\t\t\t\t\t<div class=\"elementor-widget-wrap\">\n\t\t\t\t\t\t<div class=\"elementor-element elementor-element-6596398 elementor-widget elementor-widget-image\" data-id=\"6596398\" data-element_type=\"widget\" data-widget_type=\"image.default\">\n\t\t\t\t<div class=\"elementor-widget-container\">\n\t\t\t\t\t<div class=\"elementor-image\">\n\t\t\t\t\t\t\t\t\t\t\t<a href=\"https:\/\/afinaldecontas.com\/index.php\/estudos-e-pesquisas-2\/elementor-392\/\">\n\t\t\t\t\t\t\t<img width=\"337\" height=\"471\" src=\"https:\/\/afinaldecontas.com\/wp-content\/uploads\/2020\/11\/Capa-Relaet.jpg\" class=\"attachment-large size-large\" alt=\"\" loading=\"lazy\" srcset=\"https:\/\/afinaldecontas.com\/wp-content\/uploads\/2020\/11\/Capa-Relaet.jpg 337w, https:\/\/afinaldecontas.com\/wp-content\/uploads\/2020\/11\/Capa-Relaet-215x300.jpg 215w\" sizes=\"(max-width: 337px) 100vw, 337px\" \/>\t\t\t\t\t\t\t\t<\/a>\n\t\t\t\t\t\t\t\t\t\t\t<\/div>\n\t\t\t\t<\/div>\n\t\t\t\t<\/div>\n\t\t\t\t<div class=\"elementor-element elementor-element-86d2702 elementor-widget elementor-widget-heading\" data-id=\"86d2702\" data-element_type=\"widget\" data-widget_type=\"heading.default\">\n\t\t\t\t<div class=\"elementor-widget-container\">\n\t\t\t<h2 class=\"elementor-heading-title elementor-size-default\"><a href=\"https:\/\/afinaldecontas.com\/index.php\/estudos-e-pesquisas-2\/elementor-392\/\">Artigos e outras publica\u00e7\u00f5es<\/a><\/h2>\t\t<\/div>\n\t\t\t\t<\/div>\n\t\t\t\t\t\t<\/div>\n\t\t\t\t\t<\/div>\n\t\t<\/div>\n\t\t\t\t<div class=\"elementor-column elementor-col-33 elementor-top-column elementor-element elementor-element-539f3c3\" data-id=\"539f3c3\" data-element_type=\"column\">\n\t\t\t<div class=\"elementor-column-wrap elementor-element-populated\">\n\t\t\t\t\t\t\t<div class=\"elementor-widget-wrap\">\n\t\t\t\t\t\t<div class=\"elementor-element elementor-element-f296282 elementor-widget elementor-widget-image\" data-id=\"f296282\" data-element_type=\"widget\" data-widget_type=\"image.default\">\n\t\t\t\t<div class=\"elementor-widget-container\">\n\t\t\t\t\t<div class=\"elementor-image\">\n\t\t\t\t\t\t\t\t\t\t\t<a href=\"https:\/\/afinaldecontas.com\/index.php\/estudos-e-pesquisas-2\/livros-e-capitulos-de-livros\/\">\n\t\t\t\t\t\t\t<img width=\"678\" height=\"1024\" src=\"https:\/\/afinaldecontas.com\/wp-content\/uploads\/2020\/11\/CapaLivro-678x1024.jpeg\" class=\"attachment-large size-large\" alt=\"\" loading=\"lazy\" srcset=\"https:\/\/afinaldecontas.com\/wp-content\/uploads\/2020\/11\/CapaLivro-678x1024.jpeg 678w, https:\/\/afinaldecontas.com\/wp-content\/uploads\/2020\/11\/CapaLivro-199x300.jpeg 199w, https:\/\/afinaldecontas.com\/wp-content\/uploads\/2020\/11\/CapaLivro.jpeg 729w\" sizes=\"(max-width: 678px) 100vw, 678px\" \/>\t\t\t\t\t\t\t\t<\/a>\n\t\t\t\t\t\t\t\t\t\t\t<\/div>\n\t\t\t\t<\/div>\n\t\t\t\t<\/div>\n\t\t\t\t<div class=\"elementor-element elementor-element-c8d2803 elementor-widget elementor-widget-heading\" data-id=\"c8d2803\" data-element_type=\"widget\" data-widget_type=\"heading.default\">\n\t\t\t\t<div class=\"elementor-widget-container\">\n\t\t\t<h2 class=\"elementor-heading-title elementor-size-default\"><a href=\"https:\/\/afinaldecontas.com\/index.php\/estudos-e-pesquisas-2\/livros-e-capitulos-de-livros\/\">Livros e cap\u00edtulos<\/a><\/h2>\t\t<\/div>\n\t\t\t\t<\/div>\n\t\t\t\t\t\t<\/div>\n\t\t\t\t\t<\/div>\n\t\t<\/div>\n\t\t\t\t<div class=\"elementor-column elementor-col-33 elementor-top-column elementor-element elementor-element-32a4fb8\" data-id=\"32a4fb8\" data-element_type=\"column\">\n\t\t\t<div class=\"elementor-column-wrap elementor-element-populated\">\n\t\t\t\t\t\t\t<div class=\"elementor-widget-wrap\">\n\t\t\t\t\t\t<div class=\"elementor-element elementor-element-53d7f0b elementor-widget elementor-widget-image\" data-id=\"53d7f0b\" data-element_type=\"widget\" data-widget_type=\"image.default\">\n\t\t\t\t<div class=\"elementor-widget-container\">\n\t\t\t\t\t<div class=\"elementor-image\">\n\t\t\t\t\t\t\t\t\t\t\t<a href=\"https:\/\/afinaldecontas.com\/index.php\/estudos-e-pesquisas-2\/documentos-curriculares-2\/\">\n\t\t\t\t\t\t\t<img width=\"768\" height=\"1024\" src=\"https:\/\/afinaldecontas.com\/wp-content\/uploads\/2020\/12\/IMG-20190720-WA0009-768x1024.jpg\" class=\"attachment-large size-large\" alt=\"\" loading=\"lazy\" srcset=\"https:\/\/afinaldecontas.com\/wp-content\/uploads\/2020\/12\/IMG-20190720-WA0009-768x1024.jpg 768w, https:\/\/afinaldecontas.com\/wp-content\/uploads\/2020\/12\/IMG-20190720-WA0009-225x300.jpg 225w, https:\/\/afinaldecontas.com\/wp-content\/uploads\/2020\/12\/IMG-20190720-WA0009.jpg 960w\" sizes=\"(max-width: 768px) 100vw, 768px\" \/>\t\t\t\t\t\t\t\t<\/a>\n\t\t\t\t\t\t\t\t\t\t\t<\/div>\n\t\t\t\t<\/div>\n\t\t\t\t<\/div>\n\t\t\t\t<div class=\"elementor-element elementor-element-318a8b1 elementor-widget elementor-widget-heading\" data-id=\"318a8b1\" data-element_type=\"widget\" data-widget_type=\"heading.default\">\n\t\t\t\t<div class=\"elementor-widget-container\">\n\t\t\t<h2 class=\"elementor-heading-title elementor-size-default\"><a href=\"https:\/\/afinaldecontas.com\/index.php\/estudos-e-pesquisas-2\/documentos-curriculares-2\/\">Documentos curriculares<\/a><\/h2>\t\t<\/div>\n\t\t\t\t<\/div>\n\t\t\t\t\t\t<\/div>\n\t\t\t\t\t<\/div>\n\t\t<\/div>\n\t\t\t\t\t\t\t\t<\/div>\n\t\t\t\t\t<\/div>\n\t\t<\/section>\n\t\t\t\t<section class=\"elementor-section elementor-top-section elementor-element elementor-element-12232d7 elementor-section-boxed elementor-section-height-default elementor-section-height-default\" data-id=\"12232d7\" data-element_type=\"section\">\n\t\t\t\t\t\t<div class=\"elementor-container elementor-column-gap-default\">\n\t\t\t\t\t\t\t<div class=\"elementor-row\">\n\t\t\t\t\t<div class=\"elementor-column elementor-col-33 elementor-top-column elementor-element elementor-element-ecddfa3\" data-id=\"ecddfa3\" data-element_type=\"column\">\n\t\t\t<div class=\"elementor-column-wrap elementor-element-populated\">\n\t\t\t\t\t\t\t<div class=\"elementor-widget-wrap\">\n\t\t\t\t\t\t<div class=\"elementor-element elementor-element-0f6a98c elementor-widget elementor-widget-text-editor\" data-id=\"0f6a98c\" data-element_type=\"widget\" data-widget_type=\"text-editor.default\">\n\t\t\t\t<div class=\"elementor-widget-container\">\n\t\t\t\t\t<div class=\"elementor-text-editor elementor-clearfix\"><p><em>Neste espa\u00e7o, compartilhamos artigos cient\u00edficos, ensaios e outras publica\u00e7\u00f5es que t\u00eam sistematizado nossas pesquisas e interesses sobre curr\u00edculo, matem\u00e1tica e pol\u00edticas educacionais.<\/em><\/p><\/div>\n\t\t\t\t<\/div>\n\t\t\t\t<\/div>\n\t\t\t\t\t\t<\/div>\n\t\t\t\t\t<\/div>\n\t\t<\/div>\n\t\t\t\t<div class=\"elementor-column elementor-col-33 elementor-top-column elementor-element elementor-element-985d708\" data-id=\"985d708\" data-element_type=\"column\">\n\t\t\t<div class=\"elementor-column-wrap elementor-element-populated\">\n\t\t\t\t\t\t\t<div class=\"elementor-widget-wrap\">\n\t\t\t\t\t\t<div class=\"elementor-element elementor-element-0137aa8 elementor-widget elementor-widget-text-editor\" data-id=\"0137aa8\" data-element_type=\"widget\" data-widget_type=\"text-editor.default\">\n\t\t\t\t<div class=\"elementor-widget-container\">\n\t\t\t\t\t<div class=\"elementor-text-editor elementor-clearfix\"><p><em>Neste espa\u00e7o, disponibilizamos obras, especialmente livros e cap\u00edtulos de livros publicados, em que tamb\u00e9m pudemos compartilhar o que temos feito e pensado.<\/em><\/p><\/div>\n\t\t\t\t<\/div>\n\t\t\t\t<\/div>\n\t\t\t\t\t\t<\/div>\n\t\t\t\t\t<\/div>\n\t\t<\/div>\n\t\t\t\t<div class=\"elementor-column elementor-col-33 elementor-top-column elementor-element elementor-element-8f3fa94\" data-id=\"8f3fa94\" data-element_type=\"column\">\n\t\t\t<div class=\"elementor-column-wrap elementor-element-populated\">\n\t\t\t\t\t\t\t<div class=\"elementor-widget-wrap\">\n\t\t\t\t\t\t<div class=\"elementor-element elementor-element-037212e elementor-widget elementor-widget-text-editor\" data-id=\"037212e\" data-element_type=\"widget\" data-widget_type=\"text-editor.default\">\n\t\t\t\t<div class=\"elementor-widget-container\">\n\t\t\t\t\t<div class=\"elementor-text-editor elementor-clearfix\"><p><em>Neste espa\u00e7o, compartilhamos documentos curriculares que consideramos relevantes para a forma\u00e7\u00e3o e o exerc\u00edcio do professor e da professora que ensinam matem\u00e1tica.<\/em><\/p><\/div>\n\t\t\t\t<\/div>\n\t\t\t\t<\/div>\n\t\t\t\t\t\t<\/div>\n\t\t\t\t\t<\/div>\n\t\t<\/div>\n\t\t\t\t\t\t\t\t<\/div>\n\t\t\t\t\t<\/div>\n\t\t<\/section>\n\t\t\t\t\t\t<\/div>\n\t\t\t\t\t\t<\/div>\n\t\t\t\t\t<\/div>\n\t\t","protected":false},"excerpt":{"rendered":"<p>Estudos e Pesquisas Neste espa\u00e7o, voc\u00ea encontra artigos e outros trabalhos publicados, livros e cap\u00edtulos de livros que sintetizam parte do nosso trajeto e tamb\u00e9m documentos curriculares e outros materiais relevantes para nossa pr\u00e1tica pedag\u00f3gica. Artigos e outras publica\u00e7\u00f5es Livros e cap\u00edtulos Documentos curriculares Neste espa\u00e7o, compartilhamos artigos cient\u00edficos, ensaios e outras publica\u00e7\u00f5es que t\u00eam &hellip;<\/p>\n<p class=\"read-more\"> <a class=\"\" href=\"https:\/\/afinaldecontas.com\/index.php\/estudos-e-pesquisas-2\/\"> <span class=\"screen-reader-text\">Estudos e Pesquisas<\/span> Read More &raquo;<\/a><\/p>\n","protected":false},"author":1,"featured_media":0,"parent":0,"menu_order":0,"comment_status":"closed","ping_status":"closed","template":"","meta":[],"_links":{"self":[{"href":"https:\/\/afinaldecontas.com\/index.php\/wp-json\/wp\/v2\/pages\/199"}],"collection":[{"href":"https:\/\/afinaldecontas.com\/index.php\/wp-json\/wp\/v2\/pages"}],"about":[{"href":"https:\/\/afinaldecontas.com\/index.php\/wp-json\/wp\/v2\/types\/page"}],"author":[{"embeddable":true,"href":"https:\/\/afinaldecontas.com\/index.php\/wp-json\/wp\/v2\/users\/1"}],"replies":[{"embeddable":true,"href":"https:\/\/afinaldecontas.com\/index.php\/wp-json\/wp\/v2\/comments?post=199"}],"version-history":[{"count":34,"href":"https:\/\/afinaldecontas.com\/index.php\/wp-json\/wp\/v2\/pages\/199\/revisions"}],"predecessor-version":[{"id":848,"href":"https:\/\/afinaldecontas.com\/index.php\/wp-json\/wp\/v2\/pages\/199\/revisions\/848"}],"wp:attachment":[{"href":"https:\/\/afinaldecontas.com\/index.php\/wp-json\/wp\/v2\/media?parent=199"}],"curies":[{"name":"wp","href":"https:\/\/api.w.org\/{rel}","templated":true}]}}